{"id":7274,"date":"2025-12-08T09:34:50","date_gmt":"2025-12-08T08:34:50","guid":{"rendered":"https:\/\/hobart-shop.com\/de\/?post_type=product&#038;p=7274"},"modified":"2026-04-30T14:36:39","modified_gmt":"2026-04-30T12:36:39","slug":"bol-complet-thermomix-tm5","status":"publish","type":"product","link":"https:\/\/hobart-shop.com\/de\/produit\/bol-complet-thermomix-tm5\/","title":{"rendered":"Kompletter Thermomix\u00ae TM5-Beh\u00e4lter"},"content":{"rendered":"<section class=\"ts-section\">\n<div class=\"row\">\n<div class=\"col-xs-12\" data-scrollto-target=\"#description\">\n<section class=\"ts-section\">\n<div class=\"row\">\n<div class=\"col-xs-12\" data-scrollto-target=\"#description\">\n<h2 class=\"text--large\">Artikeldetails<\/h2>\n<div class=\"txt-comp\">\n<p><strong>Kochen mit dem Thermomix<sup>\u00ae<\/sup> ist einfach und intuitiv<\/strong>. Wenn Sie jedoch <strong>gleichzeitig<\/strong> eine Vorspeise und ein warmes Hauptgericht zubereiten m\u00f6chten, kann ein einziger Mixtopf schnell an seine Grenzen kommen. Ein zweiter Mixtopf ist daher <strong>die ideale L\u00f6sung<\/strong>, um mehrere Rezepte parallel zuzubereiten.<\/p>\n<p>Dieser komplette Mixtopf verf\u00fcgt \u00fcber die gleichen Eigenschaften wie der urspr\u00fcngliche Mixtopf des <a href=\"#\">Thermomix\u00ae TM5 K\u00fcchenroboters<\/a> und wird mit passendem Zubeh\u00f6r geliefert. <strong>R\u00fchraufsatz<\/strong>, <strong>Messersatz<\/strong> und weitere Bestandteile unterst\u00fctzen Sie dabei, Ihre Rezepte noch einfacher umzusetzen und Ihren Thermomix\u00ae noch vielseitiger zu nutzen.<\/p>\n<p><em>Ihr kompletter Mixtopf besteht aus:<\/em><br \/>\n<em>&#8211; einem <strong>Mixtopf<\/strong> mit 2,2 Litern Fassungsverm\u00f6gen und Griff<\/em><br \/>\n<em>&#8211; dem <strong>Mixtopffu\u00df<\/strong><\/em><br \/>\n<em>&#8211; dem <strong>Deckel<\/strong><\/em><br \/>\n<em>&#8211; dem <strong>Dichtungsring<\/strong><\/em><br \/>\n<em>&#8211; dem <strong>Messersatz<\/strong><\/em><br \/>\n<em>&#8211; dem <strong>R\u00fchraufsatz<\/strong><\/em><br \/>\n<em>&#8211; dem <strong>Messbecher<\/strong><\/em><\/p>\n<p>Klicken Sie auf den Link, um die Kompatibilit\u00e4t <a href=\"#\">des Mixtopffu\u00dfes mit Ihrem Mixtopf<\/a> zu pr\u00fcfen.<\/p>\n<p><strong>Kompatibel mit TM5<\/strong><br \/>\n<strong>Lieferumfang<\/strong><\/p>\n<\/div>\n<\/div>\n<\/div>\n<\/section>\n<section class=\"ts-section\">\n<div class=\"row\">\n<div class=\"col-xs-12 col-md-6\" data-scrollto-target=\"#delivery\">\n<div class=\"delivery-scope__wrapper\">\n<div class=\"delivery-scope__content\">\n<ul>\n<li>1 Mixtopf mit 2,2 l Fassungsverm\u00f6gen und Griff<\/li>\n<li>1 Mixtopffu\u00df<\/li>\n<li>1 Deckel<\/li>\n<li>1 Dichtungsring<\/li>\n<li>TM5 Messersatz<\/li>\n<li>1 R\u00fchraufsatz<\/li>\n<li>1 Messbecher<\/li>\n<\/ul>\n<\/div>\n<\/div>\n<\/div>\n<\/div>\n<\/section>\n<\/div>\n<\/div>\n<\/section>\n","protected":false},"excerpt":{"rendered":"<h4><strong>Noch einfacher und intuitiver kochen mit einem zweiten Mixtopf<\/strong><\/h4>\n<p>\u2714\ufe0f Kein <strong>Zwischensp\u00fclen des Mixtopfs w\u00e4hrend eines Rezepts<\/strong> mehr, wenn Sie einen zweiten Mixtopf verwenden<\/p>\n<p>\u2714\ufe0f <strong>Bereiten Sie Zutaten<\/strong> im zweiten Mixtopf vor, w\u00e4hrend Ihr Thermomix\u00ae bereits arbeitet<\/p>\n<p>\u2714\ufe0f Stellen Sie schnell ein <strong>komplettes Men\u00fc<\/strong> zusammen, indem Sie zum Beispiel die Vorspeise warmhalten, w\u00e4hrend das Hauptgericht im zweiten Mixtopf k\u00f6chelt<\/p>\n<p>\u2714\ufe0f Sie haben immer einen Mixtopf griffbereit, auch wenn der andere gerade in der Sp\u00fclmaschine ist<\/p>\n<p><span style=\"color: #ff0000;\">\u26a0\ufe0f <strong>Mixtopf ausschlie\u00dflich kompatibel mit dem Thermomix\u00ae TM5<\/strong>.<\/span><\/p>\n<p>Nicht kompatibel mit dem Thermomix\u00ae TM6<\/p>\n","protected":false},"featured_media":7275,"template":"","meta":[],"product_brand":[],"product_cat":[53],"product_tag":[],"class_list":{"0":"post-7274","1":"product","2":"type-product","3":"status-publish","4":"has-post-thumbnail","6":"product_cat-accessoires-thermomix","8":"first","9":"instock","10":"sale","11":"shipping-taxable","12":"purchasable","13":"product-type-simple"},"_links":{"self":[{"href":"https:\/\/hobart-shop.com\/de\/wp-json\/wp\/v2\/product\/7274","targetHints":{"allow":["GET"]}}],"collection":[{"href":"https:\/\/hobart-shop.com\/de\/wp-json\/wp\/v2\/product"}],"about":[{"href":"https:\/\/hobart-shop.com\/de\/wp-json\/wp\/v2\/types\/product"}],"version-history":[{"count":2,"href":"https:\/\/hobart-shop.com\/de\/wp-json\/wp\/v2\/product\/7274\/revisions"}],"predecessor-version":[{"id":7662,"href":"https:\/\/hobart-shop.com\/de\/wp-json\/wp\/v2\/product\/7274\/revisions\/7662"}],"wp:featuredmedia":[{"embeddable":true,"href":"https:\/\/hobart-shop.com\/de\/wp-json\/wp\/v2\/media\/7275"}],"wp:attachment":[{"href":"https:\/\/hobart-shop.com\/de\/wp-json\/wp\/v2\/media?parent=7274"}],"wp:term":[{"taxonomy":"product_brand","embeddable":true,"href":"https:\/\/hobart-shop.com\/de\/wp-json\/wp\/v2\/product_brand?post=7274"},{"taxonomy":"product_cat","embeddable":true,"href":"https:\/\/hobart-shop.com\/de\/wp-json\/wp\/v2\/product_cat?post=7274"},{"taxonomy":"product_tag","embeddable":true,"href":"https:\/\/hobart-shop.com\/de\/wp-json\/wp\/v2\/product_tag?post=7274"}],"curies":[{"name":"wp","href":"https:\/\/api.w.org\/{rel}","templated":true}]}}