{"id":7250,"date":"2025-12-08T09:08:59","date_gmt":"2025-12-08T08:08:59","guid":{"rendered":"https:\/\/hobart-shop.com\/de\/?post_type=product&#038;p=7250"},"modified":"2026-04-30T15:16:29","modified_gmt":"2026-04-30T13:16:29","slug":"bol-simple-thermomix-tm6","status":"publish","type":"product","link":"https:\/\/hobart-shop.com\/de\/produit\/bol-simple-thermomix-tm6\/","title":{"rendered":"Thermomix\u00ae TM6 Einzelsch\u00fcssel"},"content":{"rendered":"<section class=\"ts-section\">\n<div class=\"row\">\n<div class=\"col-xs-12\" data-scrollto-target=\"#description\">\n<h2 class=\"text--large\">Artikeldetails<\/h2>\n<div class=\"txt-comp\">\n<p>Ein zweiter Mixtopf kann im Alltag besonders praktisch sein. Warum also nicht direkt die Thermomix\u00ae K\u00fcche noch flexibler und komfortabler gestalten?<\/p>\n<p>Dieser Mixtopf wird im Gegensatz zum <a href=\"#\">kompletten Mixtopf<\/a> ohne Zubeh\u00f6r geliefert.<\/p>\n<p><strong>Material:<\/strong> Edelstahl.<\/p>\n<p><strong>Maximales Fassungsverm\u00f6gen:<\/strong> 2,2 Liter<\/p>\n<p><strong>Weitere Eigenschaften:<\/strong> ergonomischer Griff f\u00fcr ein einfaches Einsetzen und Herausnehmen des Mixtopfs beim Thermomix\u00ae TM6<\/p>\n<p><strong>Kompatibel mit TM6<\/strong><br \/>\n<strong>Lieferumfang<\/strong><\/p>\n<\/div>\n<\/div>\n<\/div>\n<\/section>\n<section class=\"ts-section\">\n<div class=\"row\">\n<div class=\"col-xs-12 col-md-6\" data-scrollto-target=\"#delivery\">\n<div class=\"delivery-scope__wrapper\">\n<div class=\"delivery-scope__content\">\n<ul>\n<li>1 einfacher Mixtopf TM6<\/li>\n<\/ul>\n<\/div>\n<\/div>\n<\/div>\n<\/div>\n<\/section>\n","protected":false},"excerpt":{"rendered":"<p><strong>Der Mixtopf des <a href=\"https:\/\/www.vorwerk.com\/fr\/fr\/c\/vorwerk\/produits\/thermomix\" rel=\"nofollow\">Thermomix<sup>\u00ae<\/sup> K\u00fcchenroboters<\/a> TM6<\/strong> ist ein zuverl\u00e4ssiger Helfer bei der Zubereitung Ihrer Rezepte und bietet ausreichend Platz f\u00fcr gr\u00f6\u00dfere Mengen an Zutaten.<\/p>\n<p><span style=\"color: #ff0000;\">\u26a0\ufe0f <strong>Mixtopf ausschlie\u00dflich kompatibel mit dem Thermomix\u00ae TM6<\/strong>. <\/span><\/p>\n<p>Nicht kompatibel mit dem Thermomix\u00ae TM5<\/p>\n","protected":false},"featured_media":7251,"template":"","meta":[],"product_brand":[],"product_cat":[53],"product_tag":[],"class_list":{"0":"post-7250","1":"product","2":"type-product","3":"status-publish","4":"has-post-thumbnail","6":"product_cat-accessoires-thermomix","8":"first","9":"instock","10":"sale","11":"shipping-taxable","12":"purchasable","13":"product-type-simple"},"_links":{"self":[{"href":"https:\/\/hobart-shop.com\/de\/wp-json\/wp\/v2\/product\/7250","targetHints":{"allow":["GET"]}}],"collection":[{"href":"https:\/\/hobart-shop.com\/de\/wp-json\/wp\/v2\/product"}],"about":[{"href":"https:\/\/hobart-shop.com\/de\/wp-json\/wp\/v2\/types\/product"}],"version-history":[{"count":2,"href":"https:\/\/hobart-shop.com\/de\/wp-json\/wp\/v2\/product\/7250\/revisions"}],"predecessor-version":[{"id":7671,"href":"https:\/\/hobart-shop.com\/de\/wp-json\/wp\/v2\/product\/7250\/revisions\/7671"}],"wp:featuredmedia":[{"embeddable":true,"href":"https:\/\/hobart-shop.com\/de\/wp-json\/wp\/v2\/media\/7251"}],"wp:attachment":[{"href":"https:\/\/hobart-shop.com\/de\/wp-json\/wp\/v2\/media?parent=7250"}],"wp:term":[{"taxonomy":"product_brand","embeddable":true,"href":"https:\/\/hobart-shop.com\/de\/wp-json\/wp\/v2\/product_brand?post=7250"},{"taxonomy":"product_cat","embeddable":true,"href":"https:\/\/hobart-shop.com\/de\/wp-json\/wp\/v2\/product_cat?post=7250"},{"taxonomy":"product_tag","embeddable":true,"href":"https:\/\/hobart-shop.com\/de\/wp-json\/wp\/v2\/product_tag?post=7250"}],"curies":[{"name":"wp","href":"https:\/\/api.w.org\/{rel}","templated":true}]}}