{"id":7238,"date":"2025-12-08T09:06:01","date_gmt":"2025-12-08T08:06:01","guid":{"rendered":"https:\/\/hobart-shop.com\/de\/?post_type=product&#038;p=7238"},"modified":"2026-04-30T15:17:28","modified_gmt":"2026-04-30T13:17:28","slug":"cocotte-thermomix","status":"publish","type":"product","link":"https:\/\/hobart-shop.com\/de\/produit\/cocotte-thermomix\/","title":{"rendered":"Thermomix\u00ae Auflaufform"},"content":{"rendered":"<section class=\"ts-section\">\n<div class=\"row\">\n<div class=\"col-xs-12\" data-scrollto-target=\"#description\">\n<h2 class=\"text--large\">Artikeldetails<\/h2>\n<div class=\"txt-comp\">\n<p>Diese <strong>hochwertige Keramik-Kasserolle, hergestellt in Frankreich<\/strong> von unserem Partner Emile Henry, eignet sich ideal f\u00fcr aromatische Ofengerichte. Die Keramik sorgt dabei f\u00fcr eine <strong>gleichm\u00e4\u00dfige und optimale W\u00e4rmeverteilung<\/strong>.<\/p>\n<p>Dank ihres <strong>familienfreundlichen Formats<\/strong> k\u00f6nnen Sie das ganze Jahr \u00fcber gro\u00dfz\u00fcgige Gerichte zubereiten \u2013 von <strong>herzhaften Rezepten f\u00fcr gro\u00dfe Tafeln<\/strong> bis hin zu <strong>\u00fcberraschenden s\u00fc\u00dfen Kreationen<\/strong>.<\/p>\n<p><strong>Technische Eigenschaften:<\/strong><\/p>\n<ul>\n<li>Abmessungen: 46 cm L\u00e4nge x 31 cm Breite x 16 cm H\u00f6he<\/li>\n<li>Fassungsverm\u00f6gen: 7,5 Liter<\/li>\n<li>Geeignet f\u00fcr die Verwendung im Backofen<\/li>\n<li>Hergestellt in Frankreich, in Burgund<\/li>\n<li>Kompatibel mit dem <a href=\"#\">Thermomix\u00ae Sensor<\/a><\/li>\n<\/ul>\n<p><strong>Kompatibel mit TM6 und TM5<\/strong><br \/>\n<strong>Lieferumfang<\/strong><\/p>\n<\/div>\n<\/div>\n<\/div>\n<\/section>\n<section class=\"ts-section\">\n<div class=\"row\">\n<div class=\"col-xs-12 col-md-6\" data-scrollto-target=\"#delivery\">\n<div class=\"delivery-scope__wrapper\">\n<div class=\"delivery-scope__content\">\n<ul>\n<li>1 Thermomix\u00ae Kasserolle<\/li>\n<\/ul>\n<\/div>\n<\/div>\n<\/div>\n<\/div>\n<\/section>\n","protected":false},"excerpt":{"rendered":"<h4><strong>Entdecken Sie die ideale Erg\u00e4nzung f\u00fcr Ihren Thermomix\u00ae!<\/strong><\/h4>\n<p>\u2705 <strong>Hochwertige Keramik, hergestellt in Frankreich<\/strong><\/p>\n<p>\u2705 Ideal f\u00fcr <strong>aromatische Ofengerichte<\/strong><\/p>\n<p>\u2705 Optimale Verteilung der <strong>W\u00e4rme<\/strong><\/p>\n<p>\u2705 Familienfreundliches Format, mit dem Sie <strong>das ganze Jahr \u00fcber gro\u00dfz\u00fcgige Gerichte zubereiten k\u00f6nnen<\/strong><\/p>\n<p>\ud83d\udca1 <strong>Sp\u00fclmaschinengeeignet<\/strong><\/p>\n","protected":false},"featured_media":7239,"template":"","meta":[],"product_brand":[],"product_cat":[53],"product_tag":[],"class_list":{"0":"post-7238","1":"product","2":"type-product","3":"status-publish","4":"has-post-thumbnail","6":"product_cat-accessoires-thermomix","8":"first","9":"instock","10":"sale","11":"shipping-taxable","12":"purchasable","13":"product-type-simple"},"_links":{"self":[{"href":"https:\/\/hobart-shop.com\/de\/wp-json\/wp\/v2\/product\/7238","targetHints":{"allow":["GET"]}}],"collection":[{"href":"https:\/\/hobart-shop.com\/de\/wp-json\/wp\/v2\/product"}],"about":[{"href":"https:\/\/hobart-shop.com\/de\/wp-json\/wp\/v2\/types\/product"}],"version-history":[{"count":1,"href":"https:\/\/hobart-shop.com\/de\/wp-json\/wp\/v2\/product\/7238\/revisions"}],"predecessor-version":[{"id":7672,"href":"https:\/\/hobart-shop.com\/de\/wp-json\/wp\/v2\/product\/7238\/revisions\/7672"}],"wp:featuredmedia":[{"embeddable":true,"href":"https:\/\/hobart-shop.com\/de\/wp-json\/wp\/v2\/media\/7239"}],"wp:attachment":[{"href":"https:\/\/hobart-shop.com\/de\/wp-json\/wp\/v2\/media?parent=7238"}],"wp:term":[{"taxonomy":"product_brand","embeddable":true,"href":"https:\/\/hobart-shop.com\/de\/wp-json\/wp\/v2\/product_brand?post=7238"},{"taxonomy":"product_cat","embeddable":true,"href":"https:\/\/hobart-shop.com\/de\/wp-json\/wp\/v2\/product_cat?post=7238"},{"taxonomy":"product_tag","embeddable":true,"href":"https:\/\/hobart-shop.com\/de\/wp-json\/wp\/v2\/product_tag?post=7238"}],"curies":[{"name":"wp","href":"https:\/\/api.w.org\/{rel}","templated":true}]}}