{"id":7218,"date":"2025-12-08T09:00:13","date_gmt":"2025-12-08T08:00:13","guid":{"rendered":"https:\/\/hobart-shop.com\/de\/?post_type=product&#038;p=7218"},"modified":"2026-04-30T15:14:22","modified_gmt":"2026-04-30T13:14:22","slug":"decoupe-minute-pour-thermomix-tm6-tm5","status":"publish","type":"product","link":"https:\/\/hobart-shop.com\/de\/produit\/decoupe-minute-pour-thermomix-tm6-tm5\/","title":{"rendered":"Quick-Chopper+ f\u00fcr Thermomix\u00ae TM6-TM5"},"content":{"rendered":"<section class=\"ts-section\">\n<div class=\"row\">\n<div class=\"col-xs-12\" data-scrollto-target=\"#description\">\n<h2 class=\"text--large\">Artikeldetails<\/h2>\n<div class=\"txt-comp\">\n<p>Der Thermomix\u00ae Gem\u00fcse Styler+ ist die ideale Erg\u00e4nzung f\u00fcr Ihren Thermomix\u00ae: Er unterst\u00fctzt Sie dabei, zahlreiche Zutaten m\u00fchelos und effizient zu <strong>schneiden<\/strong>, <strong>raspeln<\/strong> und <strong>spiralisieren<\/strong>.<\/p>\n<p>So bereiten Sie <strong>schnell und einfach<\/strong> eigene Pizza-Bel\u00e4ge, Gem\u00fcsegratins, Obstsalate und viele weitere Gerichte zu.<\/p>\n<ul>\n<li><strong>VIELSEITIGE SCHEIBE MIT 4 SCHNEIDEARTEN<\/strong><\/li>\n<\/ul>\n<p>Mit der Scheibe des Thermomix\u00ae Gem\u00fcse Stylers lassen sich Lebensmittel auf vier verschiedene Arten verarbeiten: <strong>fein raspeln<\/strong> mit 1\u20132 mm, <strong>grob raspeln<\/strong> mit 4\u20135 mm, <strong>fein schneiden<\/strong> mit 1\u20132 mm und <strong>dick schneiden<\/strong> mit 4\u20135 mm. Dabei entstehen kaum Reste. Die besonders kompakte Scheibe kann sicher im Deckel aufbewahrt werden.<\/p>\n<ul>\n<li><strong>SCH\u00d6NE SPIRALEN IM HANDUMDREHEN<\/strong><\/li>\n<\/ul>\n<p>Die Spiralschneider-Scheiben des Thermomix\u00ae schneiden Obst und Gem\u00fcse in gleichm\u00e4\u00dfige, saubere und pr\u00e4zise Spiralen \u2013 in der gew\u00fcnschten Breite.<\/p>\n<ul>\n<li><strong>DEUTLICHE ZEITERSPARNIS IN DER K\u00dcCHE<\/strong><\/li>\n<\/ul>\n<p>Der Thermomix\u00ae Gem\u00fcse Styler+ ist besonders vielseitig und wird schnell zu einem praktischen Helfer im Alltag. Obst und Gem\u00fcse lassen sich damit m\u00fchelos vorbereiten, sodass Schneidebrett und Messer deutlich seltener ben\u00f6tigt werden.<\/p>\n<p>Besitzen Sie einen Thermomix\u00ae TM6? F\u00fcr jede Schnittart steht im Thermomix\u00ae TM6 ein eigener integrierter Modus zur Verf\u00fcgung, der die Bedienung noch einfacher macht.<\/p>\n<ul>\n<li><strong>PR\u00c4ZISE SCHNITTE F\u00dcR EINE ANSPRECHENDE PR\u00c4SENTATION<\/strong><\/li>\n<\/ul>\n<p>Die feinen Klingen der Scheiben des Thermomix\u00ae Gem\u00fcse Styler+ schneiden Zutaten <strong>pr\u00e4zise<\/strong>, ohne die Struktur von Obst und Gem\u00fcse unn\u00f6tig zu besch\u00e4digen. So werden selbst einfache Gerichte optisch besonders ansprechend.<\/p>\n<ul>\n<li><strong>DER MIXTOPF BLEIBT SAUBER<\/strong><\/li>\n<\/ul>\n<p>Der Schneideeinsatz wird direkt in den Mixtopf des Thermomix\u00ae eingesetzt. Dadurch bleibt der Mixtopf <strong>sauber und sofort einsatzbereit<\/strong>, sobald Schneideeinsatz und Mittelachse des Gem\u00fcse Styler+ entfernt wurden.<\/p>\n<p>Selbstverst\u00e4ndlich ist der Gem\u00fcse Styler+ <strong>sp\u00fclmaschinengeeignet<\/strong>.<\/p>\n<ul>\n<li><strong>F\u00dcR EINE AUSGEWOGENERE K\u00dcCHE<\/strong><\/li>\n<\/ul>\n<p>Mit dem Thermomix\u00ae Gem\u00fcse Styler+ integrieren Sie ganz einfach mehr <strong>Obst und Gem\u00fcse<\/strong> in Ihre bew\u00e4hrten Rezepte und entdecken neue, ausgewogene Gerichte. Bereiten Sie im Handumdrehen farbenfrohe, aromatische und gesunde Speisen zu, die der ganzen Familie schmecken.<\/p>\n<p><strong>Kompatibel mit TM6 und TM5<\/strong><br \/>\n<strong>Lieferumfang<\/strong><\/p>\n<\/div>\n<\/div>\n<\/div>\n<\/section>\n<section class=\"ts-section\">\n<div class=\"row\">\n<div class=\"col-xs-12 col-md-6\" data-scrollto-target=\"#delivery\">\n<div class=\"delivery-scope__wrapper\">\n<div class=\"delivery-scope__content\">\n<ul>\n<li>1 Thermomix\u00ae Gem\u00fcse Styler<\/li>\n<li>1 Thermomix\u00ae Spiralschneider<\/li>\n<\/ul>\n<\/div>\n<\/div>\n<\/div>\n<\/div>\n<\/section>\n","protected":false},"excerpt":{"rendered":"<h4><strong>M\u00fchelos raspeln, schneiden und spiralisieren!<\/strong><\/h4>\n<p>&nbsp;<\/p>\n<p>\u2705 Bestehend aus dem <a href=\"https:\/\/www.vorwerk.com\/fr\/fr\/s\/shop\/decoupe-minute-thermomix\" rel=\"nofollow\">Thermomix\u00ae Gem\u00fcse Styler<\/a> und dem <a href=\"https:\/\/www.vorwerk.com\/fr\/fr\/s\/shop\/decoupe-spirale\" rel=\"nofollow\">Thermomix\u00ae Spiralschneider<\/a><\/p>\n<p>\u2705 Erm\u00f6glicht <strong>6 Schnittarten<\/strong>: fein raspeln, grob raspeln, fein schneiden, dick schneiden, breite Spiralen nach Tagliatelle-Art und feine Spiralen nach Spaghetti-Art<\/p>\n<p>\u2705 <strong>F\u00fcr viele Zutaten geeignet<\/strong>: Obst und Gem\u00fcse, aber auch K\u00e4se, Wurstwaren und vieles mehr<\/p>\n<p>\u2705 <strong>Spart Zeit<\/strong> bei der Rezeptvorbereitung dank schneller und pr\u00e4ziser Schnittergebnisse<\/p>\n<p>\u2705 Leicht zu reinigen: <strong>sp\u00fclmaschinengeeignet<\/strong> und h\u00e4lt Ihren Thermomix\u00ae Mixtopf sauber<\/p>\n<p>\u2705 Kompatibel mit dem <strong>Thermomix\u00ae TM6 oder TM5<\/strong><\/p>\n","protected":false},"featured_media":7219,"template":"","meta":[],"product_brand":[],"product_cat":[53],"product_tag":[],"class_list":{"0":"post-7218","1":"product","2":"type-product","3":"status-publish","4":"has-post-thumbnail","6":"product_cat-accessoires-thermomix","8":"first","9":"instock","10":"sale","11":"shipping-taxable","12":"purchasable","13":"product-type-simple"},"_links":{"self":[{"href":"https:\/\/hobart-shop.com\/de\/wp-json\/wp\/v2\/product\/7218","targetHints":{"allow":["GET"]}}],"collection":[{"href":"https:\/\/hobart-shop.com\/de\/wp-json\/wp\/v2\/product"}],"about":[{"href":"https:\/\/hobart-shop.com\/de\/wp-json\/wp\/v2\/types\/product"}],"version-history":[{"count":2,"href":"https:\/\/hobart-shop.com\/de\/wp-json\/wp\/v2\/product\/7218\/revisions"}],"predecessor-version":[{"id":7669,"href":"https:\/\/hobart-shop.com\/de\/wp-json\/wp\/v2\/product\/7218\/revisions\/7669"}],"wp:featuredmedia":[{"embeddable":true,"href":"https:\/\/hobart-shop.com\/de\/wp-json\/wp\/v2\/media\/7219"}],"wp:attachment":[{"href":"https:\/\/hobart-shop.com\/de\/wp-json\/wp\/v2\/media?parent=7218"}],"wp:term":[{"taxonomy":"product_brand","embeddable":true,"href":"https:\/\/hobart-shop.com\/de\/wp-json\/wp\/v2\/product_brand?post=7218"},{"taxonomy":"product_cat","embeddable":true,"href":"https:\/\/hobart-shop.com\/de\/wp-json\/wp\/v2\/product_cat?post=7218"},{"taxonomy":"product_tag","embeddable":true,"href":"https:\/\/hobart-shop.com\/de\/wp-json\/wp\/v2\/product_tag?post=7218"}],"curies":[{"name":"wp","href":"https:\/\/api.w.org\/{rel}","templated":true}]}}